{"id":1287,"date":"2025-09-29T12:09:54","date_gmt":"2025-09-29T15:09:54","guid":{"rendered":"https:\/\/ssjenergydrink.com\/?page_id=1287"},"modified":"2025-11-11T00:55:23","modified_gmt":"2025-11-11T03:55:23","slug":"ssj-synergy","status":"publish","type":"page","link":"https:\/\/ssjenergydrink.com\/index.php\/ssj-synergy\/","title":{"rendered":"SSJ Synergy"},"content":{"rendered":"\t\t<div data-elementor-type=\"wp-page\" data-elementor-id=\"1287\" class=\"elementor elementor-1287\" data-elementor-post-type=\"page\">\n\t\t\t\t<div class=\"elementor-element elementor-element-b750617 e-con-full e-flex e-con e-parent\" data-id=\"b750617\" data-element_type=\"container\" data-settings=\"{&quot;background_background&quot;:&quot;classic&quot;}\">\n\t\t\t\t<\/div>\n\t\t<div class=\"elementor-element elementor-element-c9fd46f e-con-full elementor-hidden-tablet elementor-hidden-mobile e-flex e-con e-parent\" data-id=\"c9fd46f\" data-element_type=\"container\" data-settings=\"{&quot;background_background&quot;:&quot;classic&quot;}\">\n\t\t<div class=\"elementor-element elementor-element-cd26cc6 e-con-full e-flex e-con e-child\" data-id=\"cd26cc6\" data-element_type=\"container\" data-settings=\"{&quot;background_background&quot;:&quot;classic&quot;}\">\n\t\t\t\t<\/div>\n\t\t<div class=\"elementor-element elementor-element-04ce6ae e-con-full e-flex e-con e-child\" data-id=\"04ce6ae\" data-element_type=\"container\">\n\t\t\t\t<div class=\"elementor-element elementor-element-6682b50 elementor-widget elementor-widget-image\" data-id=\"6682b50\" data-element_type=\"widget\" data-widget_type=\"image.default\">\n\t\t\t\t\t\t\t\t\t\t\t\t\t\t\t<img fetchpriority=\"high\" decoding=\"async\" width=\"799\" height=\"77\" src=\"https:\/\/ssjenergydrink.com\/wp-content\/uploads\/2025\/09\/QUE-HACEMOS.png\" class=\"attachment-large size-large wp-image-1294\" alt=\"\" srcset=\"https:\/\/ssjenergydrink.com\/wp-content\/uploads\/2025\/09\/QUE-HACEMOS.png 799w, https:\/\/ssjenergydrink.com\/wp-content\/uploads\/2025\/09\/QUE-HACEMOS-300x29.png 300w, https:\/\/ssjenergydrink.com\/wp-content\/uploads\/2025\/09\/QUE-HACEMOS-768x74.png 768w\" sizes=\"(max-width: 799px) 100vw, 799px\" \/>\t\t\t\t\t\t\t\t\t\t\t\t\t\t\t<\/div>\n\t\t\t\t<div class=\"elementor-element elementor-element-99e85d0 elementor-widget elementor-widget-image\" data-id=\"99e85d0\" data-element_type=\"widget\" data-widget_type=\"image.default\">\n\t\t\t\t\t\t\t\t\t\t\t\t\t\t\t<img decoding=\"async\" width=\"820\" height=\"65\" src=\"https:\/\/ssjenergydrink.com\/wp-content\/uploads\/2025\/09\/APORTAMOS-TXT.png\" class=\"attachment-large size-large wp-image-1297\" alt=\"\" srcset=\"https:\/\/ssjenergydrink.com\/wp-content\/uploads\/2025\/09\/APORTAMOS-TXT.png 820w, https:\/\/ssjenergydrink.com\/wp-content\/uploads\/2025\/09\/APORTAMOS-TXT-300x24.png 300w, https:\/\/ssjenergydrink.com\/wp-content\/uploads\/2025\/09\/APORTAMOS-TXT-768x61.png 768w\" sizes=\"(max-width: 820px) 100vw, 820px\" \/>\t\t\t\t\t\t\t\t\t\t\t\t\t\t\t<\/div>\n\t\t<div class=\"elementor-element elementor-element-8c05826 e-con-full e-flex e-con e-child\" data-id=\"8c05826\" data-element_type=\"container\">\n\t\t<div class=\"elementor-element elementor-element-77e83f2 e-grid e-con-full e-con e-child\" data-id=\"77e83f2\" data-element_type=\"container\">\n\t\t\t\t<div class=\"elementor-element elementor-element-09d4b25 elementor-widget elementor-widget-image\" data-id=\"09d4b25\" data-element_type=\"widget\" data-widget_type=\"image.default\">\n\t\t\t\t\t\t\t\t\t\t\t\t\t\t\t<img decoding=\"async\" width=\"295\" height=\"379\" src=\"https:\/\/ssjenergydrink.com\/wp-content\/uploads\/2025\/09\/educacion.png\" class=\"attachment-large size-large wp-image-1298\" alt=\"\" srcset=\"https:\/\/ssjenergydrink.com\/wp-content\/uploads\/2025\/09\/educacion.png 295w, https:\/\/ssjenergydrink.com\/wp-content\/uploads\/2025\/09\/educacion-234x300.png 234w\" sizes=\"(max-width: 295px) 100vw, 295px\" \/>\t\t\t\t\t\t\t\t\t\t\t\t\t\t\t<\/div>\n\t\t\t\t<div class=\"elementor-element elementor-element-0ed156b elementor-widget elementor-widget-image\" data-id=\"0ed156b\" data-element_type=\"widget\" data-widget_type=\"image.default\">\n\t\t\t\t\t\t\t\t\t\t\t\t\t\t\t<img loading=\"lazy\" decoding=\"async\" width=\"295\" height=\"379\" src=\"https:\/\/ssjenergydrink.com\/wp-content\/uploads\/2025\/09\/proteccion_animal-1.png\" class=\"attachment-large size-large wp-image-1299\" alt=\"\" srcset=\"https:\/\/ssjenergydrink.com\/wp-content\/uploads\/2025\/09\/proteccion_animal-1.png 295w, https:\/\/ssjenergydrink.com\/wp-content\/uploads\/2025\/09\/proteccion_animal-1-234x300.png 234w\" sizes=\"(max-width: 295px) 100vw, 295px\" \/>\t\t\t\t\t\t\t\t\t\t\t\t\t\t\t<\/div>\n\t\t\t\t<\/div>\n\t\t\t\t<\/div>\n\t\t\t\t<\/div>\n\t\t<div class=\"elementor-element elementor-element-a8dc0ac e-con-full e-flex e-con e-child\" data-id=\"a8dc0ac\" data-element_type=\"container\">\n\t\t\t\t<div class=\"elementor-element elementor-element-e0d4d0f elementor-widget elementor-widget-image\" data-id=\"e0d4d0f\" data-element_type=\"widget\" data-widget_type=\"image.default\">\n\t\t\t\t\t\t\t\t\t\t\t\t\t\t\t<img loading=\"lazy\" decoding=\"async\" width=\"202\" height=\"300\" src=\"https:\/\/ssjenergydrink.com\/wp-content\/uploads\/2025\/09\/Group-53-202x300.png\" class=\"attachment-medium size-medium wp-image-1296\" alt=\"\" srcset=\"https:\/\/ssjenergydrink.com\/wp-content\/uploads\/2025\/09\/Group-53-202x300.png 202w, https:\/\/ssjenergydrink.com\/wp-content\/uploads\/2025\/09\/Group-53.png 232w\" sizes=\"(max-width: 202px) 100vw, 202px\" \/>\t\t\t\t\t\t\t\t\t\t\t\t\t\t\t<\/div>\n\t\t\t\t<\/div>\n\t\t\t\t<\/div>\n\t\t<div class=\"elementor-element elementor-element-0644ec8 e-con-full elementor-hidden-desktop e-flex e-con e-parent\" data-id=\"0644ec8\" data-element_type=\"container\" data-settings=\"{&quot;background_background&quot;:&quot;classic&quot;}\">\n\t\t\t\t<div class=\"elementor-element elementor-element-b3ea8dc elementor-widget elementor-widget-image\" data-id=\"b3ea8dc\" data-element_type=\"widget\" data-widget_type=\"image.default\">\n\t\t\t\t\t\t\t\t\t\t\t\t\t\t\t<img loading=\"lazy\" decoding=\"async\" width=\"300\" height=\"29\" src=\"https:\/\/ssjenergydrink.com\/wp-content\/uploads\/2025\/09\/QUE-HACEMOS-300x29.png\" class=\"attachment-medium size-medium wp-image-1294\" alt=\"\" srcset=\"https:\/\/ssjenergydrink.com\/wp-content\/uploads\/2025\/09\/QUE-HACEMOS-300x29.png 300w, https:\/\/ssjenergydrink.com\/wp-content\/uploads\/2025\/09\/QUE-HACEMOS-768x74.png 768w, https:\/\/ssjenergydrink.com\/wp-content\/uploads\/2025\/09\/QUE-HACEMOS.png 799w\" sizes=\"(max-width: 300px) 100vw, 300px\" \/>\t\t\t\t\t\t\t\t\t\t\t\t\t\t\t<\/div>\n\t\t\t\t<div class=\"elementor-element elementor-element-1da804f elementor-widget elementor-widget-image\" data-id=\"1da804f\" data-element_type=\"widget\" data-widget_type=\"image.default\">\n\t\t\t\t\t\t\t\t\t\t\t\t\t\t\t<img decoding=\"async\" width=\"820\" height=\"65\" src=\"https:\/\/ssjenergydrink.com\/wp-content\/uploads\/2025\/09\/APORTAMOS-TXT.png\" class=\"attachment-large size-large wp-image-1297\" alt=\"\" srcset=\"https:\/\/ssjenergydrink.com\/wp-content\/uploads\/2025\/09\/APORTAMOS-TXT.png 820w, https:\/\/ssjenergydrink.com\/wp-content\/uploads\/2025\/09\/APORTAMOS-TXT-300x24.png 300w, https:\/\/ssjenergydrink.com\/wp-content\/uploads\/2025\/09\/APORTAMOS-TXT-768x61.png 768w\" sizes=\"(max-width: 820px) 100vw, 820px\" \/>\t\t\t\t\t\t\t\t\t\t\t\t\t\t\t<\/div>\n\t\t\t\t<div class=\"elementor-element elementor-element-871ccaa elementor-widget elementor-widget-image\" data-id=\"871ccaa\" data-element_type=\"widget\" data-widget_type=\"image.default\">\n\t\t\t\t\t\t\t\t\t\t\t\t\t\t\t<img loading=\"lazy\" decoding=\"async\" width=\"234\" height=\"300\" src=\"https:\/\/ssjenergydrink.com\/wp-content\/uploads\/2025\/09\/educacion-234x300.png\" class=\"attachment-medium size-medium wp-image-1298\" alt=\"\" srcset=\"https:\/\/ssjenergydrink.com\/wp-content\/uploads\/2025\/09\/educacion-234x300.png 234w, https:\/\/ssjenergydrink.com\/wp-content\/uploads\/2025\/09\/educacion.png 295w\" sizes=\"(max-width: 234px) 100vw, 234px\" \/>\t\t\t\t\t\t\t\t\t\t\t\t\t\t\t<\/div>\n\t\t\t\t<div class=\"elementor-element elementor-element-eba9343 elementor-widget elementor-widget-image\" data-id=\"eba9343\" data-element_type=\"widget\" data-widget_type=\"image.default\">\n\t\t\t\t\t\t\t\t\t\t\t\t\t\t\t<img loading=\"lazy\" decoding=\"async\" width=\"234\" height=\"300\" src=\"https:\/\/ssjenergydrink.com\/wp-content\/uploads\/2025\/09\/proteccion_animal-1-234x300.png\" class=\"attachment-medium size-medium wp-image-1299\" alt=\"\" srcset=\"https:\/\/ssjenergydrink.com\/wp-content\/uploads\/2025\/09\/proteccion_animal-1-234x300.png 234w, https:\/\/ssjenergydrink.com\/wp-content\/uploads\/2025\/09\/proteccion_animal-1.png 295w\" sizes=\"(max-width: 234px) 100vw, 234px\" \/>\t\t\t\t\t\t\t\t\t\t\t\t\t\t\t<\/div>\n\t\t\t\t<\/div>\n\t\t<div class=\"elementor-element elementor-element-064d497 e-grid e-con-full e-con e-parent\" data-id=\"064d497\" data-element_type=\"container\" data-settings=\"{&quot;background_background&quot;:&quot;classic&quot;}\">\n\t\t\t\t<div class=\"elementor-element elementor-element-6345e6f elementor-widget__width-inherit elementor-widget elementor-widget-image\" data-id=\"6345e6f\" data-element_type=\"widget\" data-widget_type=\"image.default\">\n\t\t\t\t\t\t\t\t\t\t\t\t\t\t\t<img loading=\"lazy\" decoding=\"async\" width=\"629\" height=\"130\" src=\"https:\/\/ssjenergydrink.com\/wp-content\/uploads\/2025\/09\/SSJ-CREEMOS-TXT.png\" class=\"attachment-large size-large wp-image-1303\" alt=\"\" srcset=\"https:\/\/ssjenergydrink.com\/wp-content\/uploads\/2025\/09\/SSJ-CREEMOS-TXT.png 629w, https:\/\/ssjenergydrink.com\/wp-content\/uploads\/2025\/09\/SSJ-CREEMOS-TXT-300x62.png 300w\" sizes=\"(max-width: 629px) 100vw, 629px\" \/>\t\t\t\t\t\t\t\t\t\t\t\t\t\t\t<\/div>\n\t\t\t\t<div class=\"elementor-element elementor-element-c46d55e elementor-widget__width-initial elementor-widget-mobile__width-inherit elementor-widget elementor-widget-text-editor\" data-id=\"c46d55e\" data-element_type=\"widget\" data-widget_type=\"text-editor.default\">\n\t\t\t\t\t\t\t\t\t<p><span style=\"color: #ffffff;\">De esta idea nacen nuestra Season, grupos de lanzamientos destinados a aportar cada uno de ellos a diversas ONGs que colaboran entre otras cosas con pilares tales como las infancias, la salud, la educaci\u00f3n y la protecci\u00f3n animal.<\/span><\/p>\t\t\t\t\t\t\t\t<\/div>\n\t\t\t\t<div class=\"elementor-element elementor-element-8f7e499 elementor-widget__width-initial elementor-widget-mobile__width-inherit elementor-widget elementor-widget-text-editor\" data-id=\"8f7e499\" data-element_type=\"widget\" data-widget_type=\"text-editor.default\">\n\t\t\t\t\t\t\t\t\t<p><span style=\"color: #ffffff;\">Cada Season destinar\u00e1 parte de sus ingresos en forma de donaci\u00f3n para colaborar a que toda ayuda sea posible.<\/span><\/p>\t\t\t\t\t\t\t\t<\/div>\n\t\t\t\t<div class=\"elementor-element elementor-element-b2886dd elementor-hidden-desktop elementor-widget elementor-widget-image\" data-id=\"b2886dd\" data-element_type=\"widget\" data-widget_type=\"image.default\">\n\t\t\t\t\t\t\t\t\t\t\t\t\t\t\t<img loading=\"lazy\" decoding=\"async\" width=\"300\" height=\"32\" src=\"https:\/\/ssjenergydrink.com\/wp-content\/uploads\/2025\/09\/FORMA-PARTE-1-300x32.png\" class=\"attachment-medium size-medium wp-image-1317\" alt=\"\" srcset=\"https:\/\/ssjenergydrink.com\/wp-content\/uploads\/2025\/09\/FORMA-PARTE-1-300x32.png 300w, https:\/\/ssjenergydrink.com\/wp-content\/uploads\/2025\/09\/FORMA-PARTE-1.png 662w\" sizes=\"(max-width: 300px) 100vw, 300px\" \/>\t\t\t\t\t\t\t\t\t\t\t\t\t\t\t<\/div>\n\t\t\t\t<div class=\"elementor-element elementor-element-baa09ac elementor-hidden-desktop elementor-widget elementor-widget-image\" data-id=\"baa09ac\" data-element_type=\"widget\" data-widget_type=\"image.default\">\n\t\t\t\t\t\t\t\t\t\t\t\t\t\t\t<img loading=\"lazy\" decoding=\"async\" width=\"300\" height=\"49\" src=\"https:\/\/ssjenergydrink.com\/wp-content\/uploads\/2025\/09\/BOTON-CONTACTANOS-300x49.png\" class=\"attachment-medium size-medium wp-image-1318\" alt=\"\" srcset=\"https:\/\/ssjenergydrink.com\/wp-content\/uploads\/2025\/09\/BOTON-CONTACTANOS-300x49.png 300w, https:\/\/ssjenergydrink.com\/wp-content\/uploads\/2025\/09\/BOTON-CONTACTANOS.png 395w\" sizes=\"(max-width: 300px) 100vw, 300px\" \/>\t\t\t\t\t\t\t\t\t\t\t\t\t\t\t<\/div>\n\t\t\t\t<\/div>\n\t\t<div class=\"elementor-element elementor-element-0563f89 e-con-full elementor-hidden-tablet elementor-hidden-mobile e-flex e-con e-parent\" data-id=\"0563f89\" data-element_type=\"container\" data-settings=\"{&quot;background_background&quot;:&quot;classic&quot;}\">\n\t\t\t\t<div class=\"elementor-element elementor-element-e437878 elementor-widget elementor-widget-image\" data-id=\"e437878\" data-element_type=\"widget\" data-widget_type=\"image.default\">\n\t\t\t\t\t\t\t\t\t\t\t\t\t\t\t<img loading=\"lazy\" decoding=\"async\" width=\"662\" height=\"70\" src=\"https:\/\/ssjenergydrink.com\/wp-content\/uploads\/2025\/09\/FORMA-PARTE-1.png\" class=\"attachment-large size-large wp-image-1317\" alt=\"\" srcset=\"https:\/\/ssjenergydrink.com\/wp-content\/uploads\/2025\/09\/FORMA-PARTE-1.png 662w, https:\/\/ssjenergydrink.com\/wp-content\/uploads\/2025\/09\/FORMA-PARTE-1-300x32.png 300w\" sizes=\"(max-width: 662px) 100vw, 662px\" \/>\t\t\t\t\t\t\t\t\t\t\t\t\t\t\t<\/div>\n\t\t\t\t<div class=\"elementor-element elementor-element-c76220b elementor-widget elementor-widget-image\" data-id=\"c76220b\" data-element_type=\"widget\" data-widget_type=\"image.default\">\n\t\t\t\t\t\t\t\t\t\t\t\t\t\t\t<img loading=\"lazy\" decoding=\"async\" width=\"395\" height=\"65\" src=\"https:\/\/ssjenergydrink.com\/wp-content\/uploads\/2025\/09\/BOTON-CONTACTANOS.png\" class=\"attachment-large size-large wp-image-1318\" alt=\"\" srcset=\"https:\/\/ssjenergydrink.com\/wp-content\/uploads\/2025\/09\/BOTON-CONTACTANOS.png 395w, https:\/\/ssjenergydrink.com\/wp-content\/uploads\/2025\/09\/BOTON-CONTACTANOS-300x49.png 300w\" sizes=\"(max-width: 395px) 100vw, 395px\" \/>\t\t\t\t\t\t\t\t\t\t\t\t\t\t\t<\/div>\n\t\t\t\t<\/div>\n\t\t<div class=\"elementor-element elementor-element-d6174ba e-con-full elementor-hidden-desktop e-flex e-con e-parent\" data-id=\"d6174ba\" data-element_type=\"container\" data-settings=\"{&quot;background_background&quot;:&quot;classic&quot;}\">\n\t\t\t\t<div class=\"elementor-element elementor-element-e729483 elementor-widget elementor-widget-image\" data-id=\"e729483\" data-element_type=\"widget\" data-widget_type=\"image.default\">\n\t\t\t\t\t\t\t\t\t\t\t\t\t\t\t<img loading=\"lazy\" decoding=\"async\" width=\"211\" height=\"19\" src=\"https:\/\/ssjenergydrink.com\/wp-content\/uploads\/2025\/09\/EXPERIENCIAS-.png\" class=\"attachment-large size-large wp-image-1320\" alt=\"\" \/>\t\t\t\t\t\t\t\t\t\t\t\t\t\t\t<\/div>\n\t\t\t\t<div class=\"elementor-element elementor-element-cc8cb29 elementor-widget elementor-widget-image\" data-id=\"cc8cb29\" data-element_type=\"widget\" data-widget_type=\"image.default\">\n\t\t\t\t\t\t\t\t\t\t\t\t\t\t\t<img loading=\"lazy\" decoding=\"async\" width=\"517\" height=\"288\" src=\"https:\/\/ssjenergydrink.com\/wp-content\/uploads\/2025\/09\/EXPEDICION-SONRISA-1.png\" class=\"attachment-large size-large wp-image-1322\" alt=\"\" srcset=\"https:\/\/ssjenergydrink.com\/wp-content\/uploads\/2025\/09\/EXPEDICION-SONRISA-1.png 517w, https:\/\/ssjenergydrink.com\/wp-content\/uploads\/2025\/09\/EXPEDICION-SONRISA-1-300x167.png 300w\" sizes=\"(max-width: 517px) 100vw, 517px\" \/>\t\t\t\t\t\t\t\t\t\t\t\t\t\t\t<\/div>\n\t\t\t\t<\/div>\n\t\t<div class=\"elementor-element elementor-element-860e982 e-grid e-con-full elementor-hidden-tablet elementor-hidden-mobile e-con e-parent\" data-id=\"860e982\" data-element_type=\"container\" data-settings=\"{&quot;background_background&quot;:&quot;classic&quot;}\">\n\t\t\t\t<div class=\"elementor-element elementor-element-11fdba1 elementor-widget elementor-widget-image\" data-id=\"11fdba1\" data-element_type=\"widget\" data-widget_type=\"image.default\">\n\t\t\t\t\t\t\t\t\t\t\t\t\t\t\t<img loading=\"lazy\" decoding=\"async\" width=\"211\" height=\"19\" src=\"https:\/\/ssjenergydrink.com\/wp-content\/uploads\/2025\/09\/EXPERIENCIAS-.png\" class=\"attachment-large size-large wp-image-1320\" alt=\"\" \/>\t\t\t\t\t\t\t\t\t\t\t\t\t\t\t<\/div>\n\t\t\t\t<div class=\"elementor-element elementor-element-548eba1 elementor-widget-mobile__width-inherit elementor-widget elementor-widget-image\" data-id=\"548eba1\" data-element_type=\"widget\" data-widget_type=\"image.default\">\n\t\t\t\t\t\t\t\t\t\t\t\t\t\t\t<img loading=\"lazy\" decoding=\"async\" width=\"568\" height=\"92\" src=\"https:\/\/ssjenergydrink.com\/wp-content\/uploads\/2025\/09\/CADA-LATA-TXT.png\" class=\"attachment-medium_large size-medium_large wp-image-1321\" alt=\"\" srcset=\"https:\/\/ssjenergydrink.com\/wp-content\/uploads\/2025\/09\/CADA-LATA-TXT.png 568w, https:\/\/ssjenergydrink.com\/wp-content\/uploads\/2025\/09\/CADA-LATA-TXT-300x49.png 300w\" sizes=\"(max-width: 568px) 100vw, 568px\" \/>\t\t\t\t\t\t\t\t\t\t\t\t\t\t\t<\/div>\n\t\t\t\t<div class=\"elementor-element elementor-element-9b79250 elementor-widget elementor-widget-image\" data-id=\"9b79250\" data-element_type=\"widget\" data-widget_type=\"image.default\">\n\t\t\t\t\t\t\t\t\t\t\t\t\t\t\t<img loading=\"lazy\" decoding=\"async\" width=\"300\" height=\"167\" src=\"https:\/\/ssjenergydrink.com\/wp-content\/uploads\/2025\/09\/EXPEDICION-SONRISA-1-300x167.png\" class=\"attachment-medium size-medium wp-image-1322\" alt=\"\" srcset=\"https:\/\/ssjenergydrink.com\/wp-content\/uploads\/2025\/09\/EXPEDICION-SONRISA-1-300x167.png 300w, https:\/\/ssjenergydrink.com\/wp-content\/uploads\/2025\/09\/EXPEDICION-SONRISA-1.png 517w\" sizes=\"(max-width: 300px) 100vw, 300px\" \/>\t\t\t\t\t\t\t\t\t\t\t\t\t\t\t<\/div>\n\t\t\t\t<div class=\"elementor-element elementor-element-90e4b13 elementor-widget elementor-widget-text-editor\" data-id=\"90e4b13\" data-element_type=\"widget\" data-widget_type=\"text-editor.default\">\n\t\t\t\t\t\t\t\t\t<p><span style=\"color: #ffffff;\">Junto a Expedici\u00f3n sonrisa, una organizaci\u00f3n comprometida con mejorar la vida de las infancias, estamos llevando alegr\u00eda, educaci\u00f3n, y oportunidades a ni\u00f1os y adolescentes de la Argentina. Es un orgull0 pensar a SSJ Synergy como el puente que conecta tu buena voluntad con quienes la necesitan.<\/span><br \/><span style=\"color: #ffffff;\">\u00a1Juntos estamos haciendo una diferencia real en sus vidas!<\/span><\/p>\t\t\t\t\t\t\t\t<\/div>\n\t\t\t\t<\/div>\n\t\t\t\t<\/div>\n\t\t","protected":false},"excerpt":{"rendered":"<p>De esta idea nacen nuestra Season, grupos de lanzamientos destinados a aportar cada uno de ellos a diversas ONGs que colaboran entre otras cosas con pilares tales como las infancias, la salud, la educaci\u00f3n y la protecci\u00f3n animal. Cada Season destinar\u00e1 parte de sus ingresos en forma de donaci\u00f3n para colaborar a que toda ayuda [&hellip;]<\/p>\n","protected":false},"author":1,"featured_media":0,"parent":0,"menu_order":0,"comment_status":"closed","ping_status":"closed","template":"","meta":{"site-sidebar-layout":"no-sidebar","site-content-layout":"","ast-site-content-layout":"full-width-container","site-content-style":"default","site-sidebar-style":"default","ast-global-header-display":"","ast-banner-title-visibility":"","ast-main-header-display":"","ast-hfb-above-header-display":"","ast-hfb-below-header-display":"","ast-hfb-mobile-header-display":"","site-post-title":"disabled","ast-breadcrumbs-content":"","ast-featured-img":"disabled","footer-sml-layout":"","theme-transparent-header-meta":"","adv-header-id-meta":"","stick-header-meta":"","header-above-stick-meta":"","header-main-stick-meta":"","header-below-stick-meta":"","astra-migrate-meta-layouts":"default","ast-page-background-enabled":"default","ast-page-background-meta":{"desktop":{"background-color":"var(--ast-global-color-4)","background-image":"","background-repeat":"repeat","background-position":"center center","background-size":"auto","background-attachment":"scroll","background-type":"","background-media":"","overlay-type":"","overlay-color":"","overlay-opacity":"","overlay-gradient":""},"tablet":{"background-color":"","background-image":"","background-repeat":"repeat","background-position":"center center","background-size":"auto","background-attachment":"scroll","background-type":"","background-media":"","overlay-type":"","overlay-color":"","overlay-opacity":"","overlay-gradient":""},"mobile":{"background-color":"","background-image":"","background-repeat":"repeat","background-position":"center center","background-size":"auto","background-attachment":"scroll","background-type":"","background-media":"","overlay-type":"","overlay-color":"","overlay-opacity":"","overlay-gradient":""}},"ast-content-background-meta":{"desktop":{"background-color":"var(--ast-global-color-5)","background-image":"","background-repeat":"repeat","background-position":"center center","background-size":"auto","background-attachment":"scroll","background-type":"","background-media":"","overlay-type":"","overlay-color":"","overlay-opacity":"","overlay-gradient":""},"tablet":{"background-color":"var(--ast-global-color-5)","background-image":"","background-repeat":"repeat","background-position":"center center","background-size":"auto","background-attachment":"scroll","background-type":"","background-media":"","overlay-type":"","overlay-color":"","overlay-opacity":"","overlay-gradient":""},"mobile":{"background-color":"var(--ast-global-color-5)","background-image":"","background-repeat":"repeat","background-position":"center center","background-size":"auto","background-attachment":"scroll","background-type":"","background-media":"","overlay-type":"","overlay-color":"","overlay-opacity":"","overlay-gradient":""}},"_joinchat":[],"footnotes":""},"class_list":["post-1287","page","type-page","status-publish","hentry"],"_links":{"self":[{"href":"https:\/\/ssjenergydrink.com\/index.php\/wp-json\/wp\/v2\/pages\/1287","targetHints":{"allow":["GET"]}}],"collection":[{"href":"https:\/\/ssjenergydrink.com\/index.php\/wp-json\/wp\/v2\/pages"}],"about":[{"href":"https:\/\/ssjenergydrink.com\/index.php\/wp-json\/wp\/v2\/types\/page"}],"author":[{"embeddable":true,"href":"https:\/\/ssjenergydrink.com\/index.php\/wp-json\/wp\/v2\/users\/1"}],"replies":[{"embeddable":true,"href":"https:\/\/ssjenergydrink.com\/index.php\/wp-json\/wp\/v2\/comments?post=1287"}],"version-history":[{"count":68,"href":"https:\/\/ssjenergydrink.com\/index.php\/wp-json\/wp\/v2\/pages\/1287\/revisions"}],"predecessor-version":[{"id":1903,"href":"https:\/\/ssjenergydrink.com\/index.php\/wp-json\/wp\/v2\/pages\/1287\/revisions\/1903"}],"wp:attachment":[{"href":"https:\/\/ssjenergydrink.com\/index.php\/wp-json\/wp\/v2\/media?parent=1287"}],"curies":[{"name":"wp","href":"https:\/\/api.w.org\/{rel}","templated":true}]}}