{"id":1398,"date":"2025-09-29T12:11:04","date_gmt":"2025-09-29T15:11:04","guid":{"rendered":"https:\/\/ssjenergydrink.com\/?page_id=1398"},"modified":"2025-11-11T00:55:42","modified_gmt":"2025-11-11T03:55:42","slug":"nosotros","status":"publish","type":"page","link":"https:\/\/ssjenergydrink.com\/index.php\/nosotros\/","title":{"rendered":"Nosotros"},"content":{"rendered":"\t\t<div data-elementor-type=\"wp-page\" data-elementor-id=\"1398\" class=\"elementor elementor-1398\" data-elementor-post-type=\"page\">\n\t\t\t\t<div class=\"elementor-element elementor-element-b64c17d e-con-full e-flex e-con e-parent\" data-id=\"b64c17d\" data-element_type=\"container\" data-settings=\"{&quot;background_background&quot;:&quot;classic&quot;}\">\n\t\t\t\t<div class=\"elementor-element elementor-element-afa4ef8 elementor-widget elementor-widget-image\" data-id=\"afa4ef8\" data-element_type=\"widget\" data-widget_type=\"image.default\">\n\t\t\t\t\t\t\t\t\t\t\t\t\t\t\t<img decoding=\"async\" width=\"300\" height=\"17\" src=\"https:\/\/ssjenergydrink.com\/wp-content\/uploads\/2025\/09\/SSJ-ENERGY-DRINK-300x17.png\" class=\"attachment-medium size-medium wp-image-1400\" alt=\"\" srcset=\"https:\/\/ssjenergydrink.com\/wp-content\/uploads\/2025\/09\/SSJ-ENERGY-DRINK-300x17.png 300w, https:\/\/ssjenergydrink.com\/wp-content\/uploads\/2025\/09\/SSJ-ENERGY-DRINK-768x43.png 768w, https:\/\/ssjenergydrink.com\/wp-content\/uploads\/2025\/09\/SSJ-ENERGY-DRINK.png 915w\" sizes=\"(max-width: 300px) 100vw, 300px\" \/>\t\t\t\t\t\t\t\t\t\t\t\t\t\t\t<\/div>\n\t\t\t\t<div class=\"elementor-element elementor-element-be86325 elementor-widget__width-initial elementor-widget elementor-widget-text-editor\" data-id=\"be86325\" data-element_type=\"widget\" data-widget_type=\"text-editor.default\">\n\t\t\t\t\t\t\t\t\t<p><span style=\"color: #ffffff;\">En SSJ creemos que la base de la felicidad es ser agradecidos. Por eso queremos devolverle a la sociedad lo que nos da.<\/span><\/p><p><span style=\"color: #ffffff;\">En este esp\u00edritu de colaboraci\u00f3n, la <strong>comunidad de SSJ<\/strong> es el motor que impulsa nuestro prop\u00f3sito compartido. Desde <strong>Synergy<\/strong>, canalizamos esa energ\u00eda colectiva, amplificamos el esfuerzo de quienes eligen nuestro producto y de las ONG que transforman cada aporte en impacto real.<\/span><\/p><p><span style=\"color: #ffffff;\">Somos el puente que une y potencia, donde cada lata que circula no solo cuenta una historia, sino que lleva consigo la fuerza de una comunidad unida por valores. Esta alianza entre la comunidad SSJ, la ONG y nosotros no es solo colaboraci\u00f3n: es una sinergia transformadora.<\/span><\/p><p><span style=\"color: #ffffff;\">Por esa raz\u00f3n, cada Season destinar\u00e1 parte de sus ingresos en forma de donaci\u00f3n para colaborar a que toda ayuda sea posible a diversas ONGs que colaboren entre otras cosas que con pilares tales como infancias, la salud, la educaci\u00f3n y la protecci\u00f3n animal.<\/span><\/p>\t\t\t\t\t\t\t\t<\/div>\n\t\t\t\t<div class=\"elementor-element elementor-element-fe954e1 elementor-button-success elementor-mobile-align-left elementor-widget elementor-widget-button\" data-id=\"fe954e1\" data-element_type=\"widget\" data-widget_type=\"button.default\">\n\t\t\t\t\t\t\t\t\t\t<a class=\"elementor-button elementor-button-link elementor-size-sm\" href=\"https:\/\/wa.me\/541166801182?text=Hola%20SSJ!%20%20Me%20gustaria%20hacer%20una%20consulta%20!%20%E2%9A%A1%20\">\n\t\t\t\t\t\t<span class=\"elementor-button-content-wrapper\">\n\t\t\t\t\t\t\t\t\t<span class=\"elementor-button-text\">HAGAMOS CONTACTO<\/span>\n\t\t\t\t\t<\/span>\n\t\t\t\t\t<\/a>\n\t\t\t\t\t\t\t\t<\/div>\n\t\t\t\t<\/div>\n\t\t<div class=\"elementor-element elementor-element-9b05e85 e-con-full e-flex e-con e-parent\" data-id=\"9b05e85\" data-element_type=\"container\" id=\"somos\">\n\t\t<div class=\"elementor-element elementor-element-549c334 e-con-full e-flex e-con e-child\" data-id=\"549c334\" data-element_type=\"container\" data-settings=\"{&quot;background_background&quot;:&quot;classic&quot;}\">\n\t\t\t\t<div class=\"elementor-element elementor-element-48eda85 elementor-widget-mobile__width-inherit elementor-widget elementor-widget-image\" data-id=\"48eda85\" data-element_type=\"widget\" data-widget_type=\"image.default\">\n\t\t\t\t\t\t\t\t\t\t\t\t\t\t\t<img fetchpriority=\"high\" decoding=\"async\" width=\"558\" height=\"119\" src=\"https:\/\/ssjenergydrink.com\/wp-content\/uploads\/2025\/09\/SOMOS-ENERGIA-EN-ACCION-SOMOS-SSJ.png\" class=\"attachment-medium_large size-medium_large wp-image-1411\" alt=\"\" srcset=\"https:\/\/ssjenergydrink.com\/wp-content\/uploads\/2025\/09\/SOMOS-ENERGIA-EN-ACCION-SOMOS-SSJ.png 558w, https:\/\/ssjenergydrink.com\/wp-content\/uploads\/2025\/09\/SOMOS-ENERGIA-EN-ACCION-SOMOS-SSJ-300x64.png 300w\" sizes=\"(max-width: 558px) 100vw, 558px\" \/>\t\t\t\t\t\t\t\t\t\t\t\t\t\t\t<\/div>\n\t\t\t\t<\/div>\n\t\t<div class=\"elementor-element elementor-element-c8ad980 e-con-full e-flex e-con e-child\" data-id=\"c8ad980\" data-element_type=\"container\" data-settings=\"{&quot;background_background&quot;:&quot;classic&quot;}\">\n\t\t\t\t<\/div>\n\t\t\t\t<\/div>\n\t\t\t\t<\/div>\n\t\t","protected":false},"excerpt":{"rendered":"<p>En SSJ creemos que la base de la felicidad es ser agradecidos. Por eso queremos devolverle a la sociedad lo que nos da. En este esp\u00edritu de colaboraci\u00f3n, la comunidad de SSJ es el motor que impulsa nuestro prop\u00f3sito compartido. Desde Synergy, canalizamos esa energ\u00eda colectiva, amplificamos el esfuerzo de quienes eligen nuestro producto y [&hellip;]<\/p>\n","protected":false},"author":1,"featured_media":0,"parent":0,"menu_order":0,"comment_status":"closed","ping_status":"closed","template":"","meta":{"site-sidebar-layout":"no-sidebar","site-content-layout":"","ast-site-content-layout":"full-width-container","site-content-style":"default","site-sidebar-style":"default","ast-global-header-display":"","ast-banner-title-visibility":"","ast-main-header-display":"","ast-hfb-above-header-display":"","ast-hfb-below-header-display":"","ast-hfb-mobile-header-display":"","site-post-title":"disabled","ast-breadcrumbs-content":"","ast-featured-img":"disabled","footer-sml-layout":"","theme-transparent-header-meta":"","adv-header-id-meta":"","stick-header-meta":"","header-above-stick-meta":"","header-main-stick-meta":"","header-below-stick-meta":"","astra-migrate-meta-layouts":"default","ast-page-background-enabled":"default","ast-page-background-meta":{"desktop":{"background-color":"var(--ast-global-color-4)","background-image":"","background-repeat":"repeat","background-position":"center center","background-size":"auto","background-attachment":"scroll","background-type":"","background-media":"","overlay-type":"","overlay-color":"","overlay-opacity":"","overlay-gradient":""},"tablet":{"background-color":"","background-image":"","background-repeat":"repeat","background-position":"center center","background-size":"auto","background-attachment":"scroll","background-type":"","background-media":"","overlay-type":"","overlay-color":"","overlay-opacity":"","overlay-gradient":""},"mobile":{"background-color":"","background-image":"","background-repeat":"repeat","background-position":"center center","background-size":"auto","background-attachment":"scroll","background-type":"","background-media":"","overlay-type":"","overlay-color":"","overlay-opacity":"","overlay-gradient":""}},"ast-content-background-meta":{"desktop":{"background-color":"var(--ast-global-color-5)","background-image":"","background-repeat":"repeat","background-position":"center center","background-size":"auto","background-attachment":"scroll","background-type":"","background-media":"","overlay-type":"","overlay-color":"","overlay-opacity":"","overlay-gradient":""},"tablet":{"background-color":"var(--ast-global-color-5)","background-image":"","background-repeat":"repeat","background-position":"center center","background-size":"auto","background-attachment":"scroll","background-type":"","background-media":"","overlay-type":"","overlay-color":"","overlay-opacity":"","overlay-gradient":""},"mobile":{"background-color":"var(--ast-global-color-5)","background-image":"","background-repeat":"repeat","background-position":"center center","background-size":"auto","background-attachment":"scroll","background-type":"","background-media":"","overlay-type":"","overlay-color":"","overlay-opacity":"","overlay-gradient":""}},"_joinchat":[],"footnotes":""},"class_list":["post-1398","page","type-page","status-publish","hentry"],"_links":{"self":[{"href":"https:\/\/ssjenergydrink.com\/index.php\/wp-json\/wp\/v2\/pages\/1398","targetHints":{"allow":["GET"]}}],"collection":[{"href":"https:\/\/ssjenergydrink.com\/index.php\/wp-json\/wp\/v2\/pages"}],"about":[{"href":"https:\/\/ssjenergydrink.com\/index.php\/wp-json\/wp\/v2\/types\/page"}],"author":[{"embeddable":true,"href":"https:\/\/ssjenergydrink.com\/index.php\/wp-json\/wp\/v2\/users\/1"}],"replies":[{"embeddable":true,"href":"https:\/\/ssjenergydrink.com\/index.php\/wp-json\/wp\/v2\/comments?post=1398"}],"version-history":[{"count":52,"href":"https:\/\/ssjenergydrink.com\/index.php\/wp-json\/wp\/v2\/pages\/1398\/revisions"}],"predecessor-version":[{"id":1906,"href":"https:\/\/ssjenergydrink.com\/index.php\/wp-json\/wp\/v2\/pages\/1398\/revisions\/1906"}],"wp:attachment":[{"href":"https:\/\/ssjenergydrink.com\/index.php\/wp-json\/wp\/v2\/media?parent=1398"}],"curies":[{"name":"wp","href":"https:\/\/api.w.org\/{rel}","templated":true}]}}