{"id":1443,"date":"2025-09-29T12:11:41","date_gmt":"2025-09-29T15:11:41","guid":{"rendered":"https:\/\/ssjenergydrink.com\/?page_id=1443"},"modified":"2025-11-11T00:55:04","modified_gmt":"2025-11-11T03:55:04","slug":"quiero-distribuir","status":"publish","type":"page","link":"https:\/\/ssjenergydrink.com\/index.php\/quiero-distribuir\/","title":{"rendered":"Quiero distribuir"},"content":{"rendered":"\t\t<div data-elementor-type=\"wp-page\" data-elementor-id=\"1443\" class=\"elementor elementor-1443\" data-elementor-post-type=\"page\">\n\t\t\t\t<div class=\"elementor-element elementor-element-a4262b1 e-con-full e-flex e-con e-parent\" data-id=\"a4262b1\" data-element_type=\"container\" data-settings=\"{&quot;background_background&quot;:&quot;classic&quot;}\">\n\t\t<div class=\"elementor-element elementor-element-89e2ee2 e-con-full e-flex e-con e-child\" data-id=\"89e2ee2\" data-element_type=\"container\">\n\t\t\t\t<\/div>\n\t\t<div class=\"elementor-element elementor-element-9d87138 e-con-full elementor-hidden-tablet elementor-hidden-mobile e-flex e-con e-child\" data-id=\"9d87138\" data-element_type=\"container\" data-settings=\"{&quot;background_background&quot;:&quot;classic&quot;}\">\n\t\t\t\t<div class=\"elementor-element elementor-element-a8d23a4 elementor-widget elementor-widget-image\" data-id=\"a8d23a4\" data-element_type=\"widget\" data-widget_type=\"image.default\">\n\t\t\t\t\t\t\t\t\t\t\t\t\t\t\t<img decoding=\"async\" width=\"300\" height=\"72\" src=\"https:\/\/ssjenergydrink.com\/wp-content\/uploads\/2025\/09\/Suma-la-energia-de-SSJ-Energy-Drink-a-tu-empresa-300x72.png\" class=\"attachment-medium size-medium wp-image-1338\" alt=\"\" srcset=\"https:\/\/ssjenergydrink.com\/wp-content\/uploads\/2025\/09\/Suma-la-energia-de-SSJ-Energy-Drink-a-tu-empresa-300x72.png 300w, https:\/\/ssjenergydrink.com\/wp-content\/uploads\/2025\/09\/Suma-la-energia-de-SSJ-Energy-Drink-a-tu-empresa.png 733w\" sizes=\"(max-width: 300px) 100vw, 300px\" \/>\t\t\t\t\t\t\t\t\t\t\t\t\t\t\t<\/div>\n\t\t\t\t<div class=\"elementor-element elementor-element-ea5e243 elementor-widget elementor-widget-text-editor\" data-id=\"ea5e243\" data-element_type=\"widget\" data-widget_type=\"text-editor.default\">\n\t\t\t\t\t\t\t\t\t<p><span style=\"color: #ffffff;\">Contactanos via Whatsapp o completa el formulario y te contactaremos.<\/span><\/p>\t\t\t\t\t\t\t\t<\/div>\n\t\t\t\t<div class=\"elementor-element elementor-element-d885463 elementor-widget__width-inherit elementor-widget elementor-widget-button\" data-id=\"d885463\" data-element_type=\"widget\" data-widget_type=\"button.default\">\n\t\t\t\t\t\t\t\t\t\t<a class=\"elementor-button elementor-button-link elementor-size-sm\" href=\"#\">\n\t\t\t\t\t\t<span class=\"elementor-button-content-wrapper\">\n\t\t\t\t\t\t\t\t\t<span class=\"elementor-button-text\">Whatsapp<\/span>\n\t\t\t\t\t<\/span>\n\t\t\t\t\t<\/a>\n\t\t\t\t\t\t\t\t<\/div>\n\t\t\t\t<\/div>\n\t\t\t\t<\/div>\n\t\t<div class=\"elementor-element elementor-element-0936268 e-con-full elementor-hidden-desktop e-flex e-con e-parent\" data-id=\"0936268\" data-element_type=\"container\" data-settings=\"{&quot;background_background&quot;:&quot;classic&quot;}\">\n\t\t\t\t<div class=\"elementor-element elementor-element-3387772 elementor-widget-mobile__width-inherit elementor-widget elementor-widget-image\" data-id=\"3387772\" data-element_type=\"widget\" data-widget_type=\"image.default\">\n\t\t\t\t\t\t\t\t\t\t\t\t\t\t\t<img decoding=\"async\" width=\"300\" height=\"72\" src=\"https:\/\/ssjenergydrink.com\/wp-content\/uploads\/2025\/09\/Suma-la-energia-de-SSJ-Energy-Drink-a-tu-empresa-300x72.png\" class=\"attachment-medium size-medium wp-image-1338\" alt=\"\" srcset=\"https:\/\/ssjenergydrink.com\/wp-content\/uploads\/2025\/09\/Suma-la-energia-de-SSJ-Energy-Drink-a-tu-empresa-300x72.png 300w, https:\/\/ssjenergydrink.com\/wp-content\/uploads\/2025\/09\/Suma-la-energia-de-SSJ-Energy-Drink-a-tu-empresa.png 733w\" sizes=\"(max-width: 300px) 100vw, 300px\" \/>\t\t\t\t\t\t\t\t\t\t\t\t\t\t\t<\/div>\n\t\t\t\t<div class=\"elementor-element elementor-element-8f4eac9 elementor-widget elementor-widget-text-editor\" data-id=\"8f4eac9\" data-element_type=\"widget\" data-widget_type=\"text-editor.default\">\n\t\t\t\t\t\t\t\t\t<p><span style=\"color: #ffffff;\">Contactanos via whatsapp o completa el formulario y te contactamos.<\/span><\/p>\t\t\t\t\t\t\t\t<\/div>\n\t\t\t\t<div class=\"elementor-element elementor-element-4be37d8 elementor-mobile-align-center elementor-widget elementor-widget-button\" data-id=\"4be37d8\" data-element_type=\"widget\" data-widget_type=\"button.default\">\n\t\t\t\t\t\t\t\t\t\t<a class=\"elementor-button elementor-button-link elementor-size-sm\" href=\"https:\/\/wa.me\/+541166801182+Hola+SSJ+ne+gustaria+hacer+una+consulta\u26a1\" target=\"_blank\">\n\t\t\t\t\t\t<span class=\"elementor-button-content-wrapper\">\n\t\t\t\t\t\t\t\t\t<span class=\"elementor-button-text\">Whatsapp<\/span>\n\t\t\t\t\t<\/span>\n\t\t\t\t\t<\/a>\n\t\t\t\t\t\t\t\t<\/div>\n\t\t\t\t<\/div>\n\t\t<div class=\"elementor-element elementor-element-11031c1 e-con-full e-flex e-con e-parent\" data-id=\"11031c1\" data-element_type=\"container\" data-settings=\"{&quot;background_background&quot;:&quot;classic&quot;}\">\n\t\t<div class=\"elementor-element elementor-element-508ebe1 e-con-full e-flex e-con e-child\" data-id=\"508ebe1\" data-element_type=\"container\" data-settings=\"{&quot;background_background&quot;:&quot;classic&quot;}\">\n\t\t\t\t<div class=\"elementor-element elementor-element-75eddad elementor-widget elementor-widget-image\" data-id=\"75eddad\" data-element_type=\"widget\" data-widget_type=\"image.default\">\n\t\t\t\t\t\t\t\t\t\t\t\t\t\t\t<img decoding=\"async\" width=\"158\" height=\"26\" src=\"https:\/\/ssjenergydrink.com\/wp-content\/uploads\/2025\/09\/Ventas.png\" class=\"attachment-large size-large wp-image-1454\" alt=\"\" srcset=\"https:\/\/ssjenergydrink.com\/wp-content\/uploads\/2025\/09\/Ventas.png 158w, https:\/\/ssjenergydrink.com\/wp-content\/uploads\/2025\/09\/Ventas-150x26.png 150w\" sizes=\"(max-width: 158px) 100vw, 158px\" \/>\t\t\t\t\t\t\t\t\t\t\t\t\t\t\t<\/div>\n\t\t\t\t<div class=\"elementor-element elementor-element-0a94641 elementor-widget__width-auto elementor-widget elementor-widget-text-editor\" data-id=\"0a94641\" data-element_type=\"widget\" data-widget_type=\"text-editor.default\">\n\t\t\t\t\t\t\t\t\t<p><span style=\"color: #ffffff;\">Env\u00edanos un correo electr\u00f3nico a<\/span> <span style=\"color: #ff00ff;\">VENTAS@ssjenergydrink.com<\/span> <span style=\"color: #ffffff;\">y te lo responderemos lo m\u00e1s pronto posible.<\/span><\/p>\t\t\t\t\t\t\t\t<\/div>\n\t\t\t\t<div class=\"elementor-element elementor-element-2ce1e07 elementor-widget elementor-widget-image\" data-id=\"2ce1e07\" data-element_type=\"widget\" data-widget_type=\"image.default\">\n\t\t\t\t\t\t\t\t\t\t\t\t\t\t\t<img decoding=\"async\" width=\"464\" height=\"34\" src=\"https:\/\/ssjenergydrink.com\/wp-content\/uploads\/2025\/09\/Consultas-generales.png\" class=\"attachment-large size-large wp-image-1455\" alt=\"\" srcset=\"https:\/\/ssjenergydrink.com\/wp-content\/uploads\/2025\/09\/Consultas-generales.png 464w, https:\/\/ssjenergydrink.com\/wp-content\/uploads\/2025\/09\/Consultas-generales-300x22.png 300w\" sizes=\"(max-width: 464px) 100vw, 464px\" \/>\t\t\t\t\t\t\t\t\t\t\t\t\t\t\t<\/div>\n\t\t\t\t<div class=\"elementor-element elementor-element-d93f050 elementor-widget__width-initial elementor-widget elementor-widget-text-editor\" data-id=\"d93f050\" data-element_type=\"widget\" data-widget_type=\"text-editor.default\">\n\t\t\t\t\t\t\t\t\t<p>Env\u00edanos un correo a <span style=\"color: #ff00ff;\">info@ssjenergydrink.com<\/span> y te responderemos lo mas pronto posible o escribinos un mensaje a nuestro whatsapp: (+54 9 11) 6680 1182<\/p>\t\t\t\t\t\t\t\t<\/div>\n\t\t\t\t<div class=\"elementor-element elementor-element-2020e53 elementor-widget__width-inherit elementor-widget elementor-widget-image\" data-id=\"2020e53\" data-element_type=\"widget\" data-widget_type=\"image.default\">\n\t\t\t\t\t\t\t\t\t\t\t\t\t\t\t<img loading=\"lazy\" decoding=\"async\" width=\"536\" height=\"34\" src=\"https:\/\/ssjenergydrink.com\/wp-content\/uploads\/2025\/09\/Consultas-SSJ-Synergy.png\" class=\"attachment-large size-large wp-image-1456\" alt=\"\" srcset=\"https:\/\/ssjenergydrink.com\/wp-content\/uploads\/2025\/09\/Consultas-SSJ-Synergy.png 536w, https:\/\/ssjenergydrink.com\/wp-content\/uploads\/2025\/09\/Consultas-SSJ-Synergy-300x19.png 300w\" sizes=\"(max-width: 536px) 100vw, 536px\" \/>\t\t\t\t\t\t\t\t\t\t\t\t\t\t\t<\/div>\n\t\t\t\t<div class=\"elementor-element elementor-element-4df8c61 elementor-widget elementor-widget-text-editor\" data-id=\"4df8c61\" data-element_type=\"widget\" data-widget_type=\"text-editor.default\">\n\t\t\t\t\t\t\t\t\t<p><span style=\"color: #ffffff;\">Si sos miembro de una ONG y queres formar parte de nuestra comunidad SSJ Synergy pod\u00e9s escribirnos a<\/span> <span style=\"color: #ff00ff;\">synergy@ssjenergydrink.com<\/span><\/p>\t\t\t\t\t\t\t\t<\/div>\n\t\t\t\t<div class=\"elementor-element elementor-element-729f3e2 elementor-widget elementor-widget-image\" data-id=\"729f3e2\" data-element_type=\"widget\" data-widget_type=\"image.default\">\n\t\t\t\t\t\t\t\t\t\t\t\t\t\t\t<img loading=\"lazy\" decoding=\"async\" width=\"551\" height=\"34\" src=\"https:\/\/ssjenergydrink.com\/wp-content\/uploads\/2025\/09\/Sugerencias-y-reclamos.png\" class=\"attachment-large size-large wp-image-1457\" alt=\"\" srcset=\"https:\/\/ssjenergydrink.com\/wp-content\/uploads\/2025\/09\/Sugerencias-y-reclamos.png 551w, https:\/\/ssjenergydrink.com\/wp-content\/uploads\/2025\/09\/Sugerencias-y-reclamos-300x19.png 300w\" sizes=\"(max-width: 551px) 100vw, 551px\" \/>\t\t\t\t\t\t\t\t\t\t\t\t\t\t\t<\/div>\n\t\t\t\t<div class=\"elementor-element elementor-element-f50f9cf elementor-widget elementor-widget-text-editor\" data-id=\"f50f9cf\" data-element_type=\"widget\" data-widget_type=\"text-editor.default\">\n\t\t\t\t\t\t\t\t\t<p><span style=\"color: #ffffff;\">Comparte tus sugerencias a <span style=\"color: #ff00ff;\">sugerencias@ssjenergydrink.com <\/span>e intentaremos atenderlas de inmediato<\/span><\/p>\t\t\t\t\t\t\t\t<\/div>\n\t\t\t\t<\/div>\n\t\t<div class=\"elementor-element elementor-element-33f4ece e-con-full e-flex e-con e-child\" data-id=\"33f4ece\" data-element_type=\"container\" data-settings=\"{&quot;background_background&quot;:&quot;classic&quot;}\">\n\t\t\t\t<div class=\"elementor-element elementor-element-809b3c0 elementor-widget elementor-widget-image\" data-id=\"809b3c0\" data-element_type=\"widget\" data-widget_type=\"image.default\">\n\t\t\t\t\t\t\t\t\t\t\t\t\t\t\t<img loading=\"lazy\" decoding=\"async\" width=\"300\" height=\"62\" src=\"https:\/\/ssjenergydrink.com\/wp-content\/uploads\/2025\/09\/Formulario-de-contacto-300x62.png\" class=\"attachment-medium size-medium wp-image-1458\" alt=\"\" srcset=\"https:\/\/ssjenergydrink.com\/wp-content\/uploads\/2025\/09\/Formulario-de-contacto-300x62.png 300w, https:\/\/ssjenergydrink.com\/wp-content\/uploads\/2025\/09\/Formulario-de-contacto.png 485w\" sizes=\"(max-width: 300px) 100vw, 300px\" \/>\t\t\t\t\t\t\t\t\t\t\t\t\t\t\t<\/div>\n\t\t\t\t<div class=\"elementor-element elementor-element-0f1a520 elementor-widget elementor-widget-shortcode\" data-id=\"0f1a520\" data-element_type=\"widget\" data-widget_type=\"shortcode.default\">\n\t\t\t\t\t\t\t<div class=\"elementor-shortcode\">\n<div class=\"wpcf7 no-js\" id=\"wpcf7-f137-o1\" lang=\"es-ES\" dir=\"ltr\" data-wpcf7-id=\"137\">\n<div class=\"screen-reader-response\"><p role=\"status\" aria-live=\"polite\" aria-atomic=\"true\"><\/p> <ul><\/ul><\/div>\n<form action=\"\/index.php\/wp-json\/wp\/v2\/pages\/1443#wpcf7-f137-o1\" method=\"post\" class=\"wpcf7-form init\" aria-label=\"Formulario de contacto\" novalidate=\"novalidate\" data-status=\"init\">\n<fieldset class=\"hidden-fields-container\"><input type=\"hidden\" name=\"_wpcf7\" value=\"137\" \/><input type=\"hidden\" name=\"_wpcf7_version\" value=\"6.1.2\" \/><input type=\"hidden\" name=\"_wpcf7_locale\" value=\"es_ES\" \/><input type=\"hidden\" name=\"_wpcf7_unit_tag\" value=\"wpcf7-f137-o1\" \/><input type=\"hidden\" name=\"_wpcf7_container_post\" value=\"0\" \/><input type=\"hidden\" name=\"_wpcf7_posted_data_hash\" value=\"\" \/>\n<\/fieldset>\n<div class=\"cf-form-wrapper\">\n\t<p><label class=\"cf-label\">Nombre<br \/>\n<span class=\"wpcf7-form-control-wrap\" data-name=\"nombre\"><input size=\"40\" maxlength=\"400\" class=\"wpcf7-form-control wpcf7-text wpcf7-validates-as-required cf-input\" aria-required=\"true\" aria-invalid=\"false\" value=\"\" type=\"text\" name=\"nombre\" \/><\/span><br \/>\n<\/label>\n\t<\/p>\n\t<p><label class=\"cf-label\">Nombre de la empresa<br \/>\n<span class=\"wpcf7-form-control-wrap\" data-name=\"empresa\"><input size=\"40\" maxlength=\"400\" class=\"wpcf7-form-control wpcf7-text wpcf7-validates-as-required cf-input\" aria-required=\"true\" aria-invalid=\"false\" value=\"\" type=\"text\" name=\"empresa\" \/><\/span><br \/>\n<\/label>\n\t<\/p>\n\t<p><label class=\"cf-label\">Ubicaci\u00f3n de la empresa<br \/>\n<span class=\"wpcf7-form-control-wrap\" data-name=\"provincia\"><select class=\"wpcf7-form-control wpcf7-select wpcf7-validates-as-required cf-select\" aria-required=\"true\" aria-invalid=\"false\" name=\"provincia\"><option value=\"seleccion\u00e1 la provincia\">seleccion\u00e1 la provincia<\/option><option value=\"Buenos Aires\">Buenos Aires<\/option><option value=\"C\u00f3rdoba\">C\u00f3rdoba<\/option><option value=\"Santa Fe\">Santa Fe<\/option><option value=\"Mendoza\">Mendoza<\/option><option value=\"Tucum\u00e1n\">Tucum\u00e1n<\/option><\/select><\/span><br \/>\n<\/label>\n\t<\/p>\n\t<p><label class=\"cf-label\">C\u00f3digo Postal<br \/>\n<span class=\"wpcf7-form-control-wrap\" data-name=\"codigopostal\"><input size=\"40\" maxlength=\"400\" class=\"wpcf7-form-control wpcf7-text wpcf7-validates-as-required cf-input\" aria-required=\"true\" aria-invalid=\"false\" value=\"\" type=\"text\" name=\"codigopostal\" \/><\/span><br \/>\n<\/label>\n\t<\/p>\n\t<p><label class=\"cf-label\">Mail corporativo<br \/>\n<span class=\"wpcf7-form-control-wrap\" data-name=\"emailcorporativo\"><input size=\"40\" maxlength=\"400\" class=\"wpcf7-form-control wpcf7-email wpcf7-validates-as-required wpcf7-text wpcf7-validates-as-email cf-input\" aria-required=\"true\" aria-invalid=\"false\" value=\"\" type=\"email\" name=\"emailcorporativo\" \/><\/span><br \/>\n<\/label>\n\t<\/p>\n\t<p><label class=\"cf-label\">Asunto<br \/>\n<span class=\"wpcf7-form-control-wrap\" data-name=\"asunto\"><input size=\"40\" maxlength=\"400\" class=\"wpcf7-form-control wpcf7-text wpcf7-validates-as-required cf-input\" aria-required=\"true\" aria-invalid=\"false\" value=\"\" type=\"text\" name=\"asunto\" \/><\/span><br \/>\n<\/label>\n\t<\/p>\n\t<p><label class=\"cf-label\">Mensaje<br \/>\n<span class=\"wpcf7-form-control-wrap\" data-name=\"tumensaje\"><textarea cols=\"40\" rows=\"10\" maxlength=\"2000\" class=\"wpcf7-form-control wpcf7-textarea cf-textarea\" aria-invalid=\"false\" name=\"tumensaje\"><\/textarea><\/span><br \/>\n<\/label>\n\t<\/p>\n\t<div style=\"margin-top:18px;\">\n\t\t<p><input class=\"wpcf7-form-control wpcf7-submit has-spinner cf-submit\" type=\"submit\" value=\"ENVIAR\" \/>\n\t\t<\/p>\n\t<\/div>\n<\/div><div class=\"wpcf7-response-output\" aria-hidden=\"true\"><\/div>\n<\/form>\n<\/div>\n<\/div>\n\t\t\t\t\t\t<\/div>\n\t\t\t\t<\/div>\n\t\t<div class=\"elementor-element elementor-element-cca5835 e-con-full e-flex e-con e-child\" data-id=\"cca5835\" data-element_type=\"container\" data-settings=\"{&quot;background_background&quot;:&quot;classic&quot;}\">\n\t\t\t\t<\/div>\n\t\t<div class=\"elementor-element elementor-element-d2db665 e-con-full e-flex e-con e-child\" data-id=\"d2db665\" data-element_type=\"container\" data-settings=\"{&quot;background_background&quot;:&quot;classic&quot;}\">\n\t\t\t\t<div class=\"elementor-element elementor-element-fe3b6f1 elementor-widget__width-inherit elementor-widget elementor-widget-image\" data-id=\"fe3b6f1\" data-element_type=\"widget\" data-widget_type=\"image.default\">\n\t\t\t\t\t\t\t\t\t\t\t\t\t\t\t<img loading=\"lazy\" decoding=\"async\" width=\"300\" height=\"70\" src=\"https:\/\/ssjenergydrink.com\/wp-content\/uploads\/2025\/09\/BIEN-AL-DIA-BIEN-SSJ-ENERGY-DRINK-300x70.png\" class=\"attachment-medium size-medium wp-image-1449\" alt=\"\" srcset=\"https:\/\/ssjenergydrink.com\/wp-content\/uploads\/2025\/09\/BIEN-AL-DIA-BIEN-SSJ-ENERGY-DRINK-300x70.png 300w, https:\/\/ssjenergydrink.com\/wp-content\/uploads\/2025\/09\/BIEN-AL-DIA-BIEN-SSJ-ENERGY-DRINK.png 504w\" sizes=\"(max-width: 300px) 100vw, 300px\" \/>\t\t\t\t\t\t\t\t\t\t\t\t\t\t\t<\/div>\n\t\t\t\t<\/div>\n\t\t\t\t<\/div>\n\t\t\t\t<\/div>\n\t\t","protected":false},"excerpt":{"rendered":"<p>Contactanos via Whatsapp o completa el formulario y te contactaremos. Whatsapp Contactanos via whatsapp o completa el formulario y te contactamos. Whatsapp Env\u00edanos un correo electr\u00f3nico a VENTAS@ssjenergydrink.com y te lo responderemos lo m\u00e1s pronto posible. Env\u00edanos un correo a info@ssjenergydrink.com y te responderemos lo mas pronto posible o escribinos un mensaje a nuestro whatsapp: [&hellip;]<\/p>\n","protected":false},"author":1,"featured_media":0,"parent":0,"menu_order":0,"comment_status":"closed","ping_status":"closed","template":"","meta":{"site-sidebar-layout":"no-sidebar","site-content-layout":"","ast-site-content-layout":"full-width-container","site-content-style":"default","site-sidebar-style":"default","ast-global-header-display":"","ast-banner-title-visibility":"","ast-main-header-display":"","ast-hfb-above-header-display":"","ast-hfb-below-header-display":"","ast-hfb-mobile-header-display":"","site-post-title":"disabled","ast-breadcrumbs-content":"","ast-featured-img":"disabled","footer-sml-layout":"","theme-transparent-header-meta":"","adv-header-id-meta":"","stick-header-meta":"","header-above-stick-meta":"","header-main-stick-meta":"","header-below-stick-meta":"","astra-migrate-meta-layouts":"default","ast-page-background-enabled":"default","ast-page-background-meta":{"desktop":{"background-color":"var(--ast-global-color-4)","background-image":"","background-repeat":"repeat","background-position":"center center","background-size":"auto","background-attachment":"scroll","background-type":"","background-media":"","overlay-type":"","overlay-color":"","overlay-opacity":"","overlay-gradient":""},"tablet":{"background-color":"","background-image":"","background-repeat":"repeat","background-position":"center center","background-size":"auto","background-attachment":"scroll","background-type":"","background-media":"","overlay-type":"","overlay-color":"","overlay-opacity":"","overlay-gradient":""},"mobile":{"background-color":"","background-image":"","background-repeat":"repeat","background-position":"center center","background-size":"auto","background-attachment":"scroll","background-type":"","background-media":"","overlay-type":"","overlay-color":"","overlay-opacity":"","overlay-gradient":""}},"ast-content-background-meta":{"desktop":{"background-color":"var(--ast-global-color-5)","background-image":"","background-repeat":"repeat","background-position":"center center","background-size":"auto","background-attachment":"scroll","background-type":"","background-media":"","overlay-type":"","overlay-color":"","overlay-opacity":"","overlay-gradient":""},"tablet":{"background-color":"var(--ast-global-color-5)","background-image":"","background-repeat":"repeat","background-position":"center center","background-size":"auto","background-attachment":"scroll","background-type":"","background-media":"","overlay-type":"","overlay-color":"","overlay-opacity":"","overlay-gradient":""},"mobile":{"background-color":"var(--ast-global-color-5)","background-image":"","background-repeat":"repeat","background-position":"center center","background-size":"auto","background-attachment":"scroll","background-type":"","background-media":"","overlay-type":"","overlay-color":"","overlay-opacity":"","overlay-gradient":""}},"_joinchat":[],"footnotes":""},"class_list":["post-1443","page","type-page","status-publish","hentry"],"_links":{"self":[{"href":"https:\/\/ssjenergydrink.com\/index.php\/wp-json\/wp\/v2\/pages\/1443","targetHints":{"allow":["GET"]}}],"collection":[{"href":"https:\/\/ssjenergydrink.com\/index.php\/wp-json\/wp\/v2\/pages"}],"about":[{"href":"https:\/\/ssjenergydrink.com\/index.php\/wp-json\/wp\/v2\/types\/page"}],"author":[{"embeddable":true,"href":"https:\/\/ssjenergydrink.com\/index.php\/wp-json\/wp\/v2\/users\/1"}],"replies":[{"embeddable":true,"href":"https:\/\/ssjenergydrink.com\/index.php\/wp-json\/wp\/v2\/comments?post=1443"}],"version-history":[{"count":32,"href":"https:\/\/ssjenergydrink.com\/index.php\/wp-json\/wp\/v2\/pages\/1443\/revisions"}],"predecessor-version":[{"id":1736,"href":"https:\/\/ssjenergydrink.com\/index.php\/wp-json\/wp\/v2\/pages\/1443\/revisions\/1736"}],"wp:attachment":[{"href":"https:\/\/ssjenergydrink.com\/index.php\/wp-json\/wp\/v2\/media?parent=1443"}],"curies":[{"name":"wp","href":"https:\/\/api.w.org\/{rel}","templated":true}]}}